{"id":33971,"date":"2020-03-13T12:10:07","date_gmt":"2020-03-13T12:10:07","guid":{"rendered":"https:\/\/plaza.wp.vortexdev.com\/home-2\/"},"modified":"2026-04-24T15:41:14","modified_gmt":"2026-04-24T15:41:14","slug":"home-2","status":"publish","type":"page","link":"https:\/\/plaza.wp.vortexdev.com\/fr\/","title":{"rendered":"Accueil"},"content":{"rendered":"<h2>Transformer le potentiel en performance. Pour tous.<\/h2>\n<p>Plaza REIT offre des commerces de d\u00e9tail essentiels l\u00e0 o\u00f9 les Canadiens vivent, travaillent et magasinent. Gr\u00e2ce \u00e0 un portefeuille \u00e9prouv\u00e9 de centres commerciaux \u00e0 ciel ouvert et de locataires nationaux, nous cr\u00e9ons de la valeur \u00e0 long terme gr\u00e2ce \u00e0 un d\u00e9veloppement rigoureux et une performance constante dans les march\u00e9s secondaires.<\/p>\n","protected":false},"excerpt":{"rendered":"<p>Transformer le potentiel en performance. Pour tous. Plaza REIT offre des commerces de d\u00e9tail essentiels l\u00e0 o\u00f9 les Canadiens vivent, travaillent et magasinent. Gr\u00e2ce \u00e0 un portefeuille \u00e9prouv\u00e9 de centres commerciaux \u00e0 ciel ouvert et\u2026<\/p>\n","protected":false},"author":5,"featured_media":33964,"parent":0,"menu_order":0,"comment_status":"closed","ping_status":"closed","template":"pge-home.php","meta":{"_acf_changed":false,"inline_featured_image":false,"footnotes":""},"class_list":["post-33971","page","type-page","status-publish","has-post-thumbnail","hentry"],"acf":[],"_links":{"self":[{"href":"https:\/\/plaza.wp.vortexdev.com\/fr\/wp-json\/wp\/v2\/pages\/33971"}],"collection":[{"href":"https:\/\/plaza.wp.vortexdev.com\/fr\/wp-json\/wp\/v2\/pages"}],"about":[{"href":"https:\/\/plaza.wp.vortexdev.com\/fr\/wp-json\/wp\/v2\/types\/page"}],"author":[{"embeddable":true,"href":"https:\/\/plaza.wp.vortexdev.com\/fr\/wp-json\/wp\/v2\/users\/5"}],"replies":[{"embeddable":true,"href":"https:\/\/plaza.wp.vortexdev.com\/fr\/wp-json\/wp\/v2\/comments?post=33971"}],"version-history":[{"count":2,"href":"https:\/\/plaza.wp.vortexdev.com\/fr\/wp-json\/wp\/v2\/pages\/33971\/revisions"}],"predecessor-version":[{"id":33973,"href":"https:\/\/plaza.wp.vortexdev.com\/fr\/wp-json\/wp\/v2\/pages\/33971\/revisions\/33973"}],"wp:featuredmedia":[{"embeddable":true,"href":"https:\/\/plaza.wp.vortexdev.com\/fr\/wp-json\/wp\/v2\/media\/33964"}],"wp:attachment":[{"href":"https:\/\/plaza.wp.vortexdev.com\/fr\/wp-json\/wp\/v2\/media?parent=33971"}],"curies":[{"name":"wp","href":"https:\/\/api.w.org\/{rel}","templated":true}]}}